{"id":2312,"date":"2023-08-28T15:20:15","date_gmt":"2023-08-28T13:20:15","guid":{"rendered":"https:\/\/milkyoga.com\/?page_id=2312"},"modified":"2023-08-28T15:24:52","modified_gmt":"2023-08-28T13:24:52","slug":"si-comincia-linverno-sta-arrivando","status":"publish","type":"page","link":"https:\/\/milkyoga.com\/it\/si-comincia-linverno-sta-arrivando\/","title":{"rendered":"Si comincia &#8230;l&#8217;Inverno sta arrivando!"},"content":{"rendered":"\n<p>Chi ben comincia \u00e8 a met\u00e0 dell&#8217;opera, si dice, quindi &#8230;Cominciamo! Ho deciso di aggiungere questa nuova sezione sul mio sito per avere uno spazio tutto mio nel quale raccontarmi, nel quale potete scoprire qualcosa in pi\u00f9 su di me e su quello che faccio. <\/p>\n\n\n\n<p>Mentre scrivo questo primo articolo fuori sta piovendo e vi confesso che, per la prima volta in vita mia, non vedo l&#8217;ora che arrivi l&#8217;autunno. L&#8217;autunno non mi \u00e8 mai piaciuto, ho sempre preferito la primavera e l&#8217;estate ma, ultimamente  &#8211; mai come queste ultime settimane &#8211; non vedo l&#8217;ora che sia settembre e che cominci a fare freddo. Sar\u00e0 che ho iniziato a capire il significato della stagione autunnale, delle foglie che cascano, del lasciare andare, dell&#8217;alleggerirsi, chiss\u00e0&#8230;. fatto sta che questa settimana mi sono messa seriamente ad organizzare i prossimi mesi, anche per quanto riguarda la mia offerta di Yoga!<\/p>\n\n\n\n<p>Come molti di voi sanno, la scelta di intraprendere il percorso dello Yoga deriva anche da un mio desiderio di rimanere in movimento, non solo mentalmente ma anche fisicamente. Questo spazio, cos\u00ec come il mio lavoro, si svilupperanno seguendo la mia evoluzione che \u00e8 continua!<\/p>\n\n\n\n<p>Ho riflettuto se programmare diversamente il mio lavoro per questa stagione invernale. Negli ultimi due anni infatti ho passato l&#8217;inverno fuori dall&#8217;Italia, prima alle Canarie, poi in Austria, dove ho insegnato Yoga per delle strutture che offrivano questo servizio ai loro clienti. Questa scelta per\u00f2 ha limitato la mia presenza in Italia e la mia offerta di Yoga per chi abita in zona Padova, dove sono tutta l&#8217;estate. Mi sono ritrovata a dover affrontate un dilemma: mi piace essere in Italia ed insegnare a Padova con studenti che seguono le mie lezioni con regolarit\u00e0, ma mi piace anche viaggiare, conoscere persone e realt\u00e0 diverse&#8230; <\/p>\n\n\n\n<p>Quello che ho scelto di fare \u00e8 smettere di pensare che le cose siano sempre &#8220;o\/o&#8221; e ho cercato di trasformarle in &#8220;e\/e&#8221;!! Voglio formulare quindi un&#8217;offerta che permetta sia alle persone che hanno praticato con me durante l&#8217;estate di mantenere una certa costanza, sia a me stessa di nutrire il mio lato curioso, sempre pronto a scoprire cose nuove. <\/p>\n\n\n\n<p>Rullo di tamburi &#8230;\ud83e\udd41\ud83e\udd41 Ecco quella che sar\u00e0 la mia proposta invernale:<\/p>\n\n\n\n<ul class=\"wp-block-list\">\n<li>\ud83c\udf1f<strong>Weekend intensivi di Yoga &#8211; una volta al mese<\/strong>: Dal venerd\u00ec sera alla domenica, un fine settimana di Yoga intensivo dove ci saranno pratiche di Yoga alla sera e alla mattina, intervallate da gite, workshop e quant&#8217;altro (di volta in volta l&#8217;offerta sar\u00e0 pensata in base al luogo dove saremo). Saranno quindi dei Mini-ritiri di Yoga con Budget diversi in base alla struttura (saranno tutti piuttosto economici ma in alcuni casi &#8211; per esempio Ottobre &#8211; avranno un costo ancora pi\u00f9 basso) che sceglier\u00f2 appositamente per renderli accessibili a tutti e che permetta allo stesso tempo di partecipare a tutti comodamente.<\/li>\n\n\n\n<li>\ud83e\uddd8\ud83c\udffb\u200d\u2640\ufe0f<strong>Eventi Yoga Mensili &#8211; Yoga &amp; Co.:<\/strong> La pratica dello yoga si fonde con l&#8217;arte, la psicologia, la musica e altro ancora. Questi non sono semplici eventi, ma piccoli tesori formativi per nutrire la tua pratica e la tua anima. Le proposte Yoga &amp; Co. assicureranno una buona costanza nella pratica poich\u00e9 verranno proposti come dei &#8220;piccoli corsi&#8221; a cui \u00e8 consigliata la partecipazione completa, sebbene non sar\u00e0 obbligatorio acquistare l&#8217;intero pacchetto.<\/li>\n\n\n\n<li>\ud83d\udcab<strong>Lezioni in Presenza a Padova:<\/strong> Una o due settimane al mese (verrete aggiornati con largo anticipo fino a che non sar\u00e0 acquisita una certa regolarit\u00e0).<\/li>\n\n\n\n<li>\ud83d\udcbb<strong>Lezioni di Yoga Online:<\/strong> Saranno mantenute solo nella formula PRIVATA, a un prezzo pi\u00f9 vantaggioso rispetto al passato.<\/li>\n<\/ul>\n\n\n\n<p>Io sono molto entusiasta di questa offerta e spero vi piacer\u00e0! <\/p>\n\n\n\n<p>Se siete arrivati a leggere fino a qui, vi voglio tanto bene e vi ringrazio! <\/p>\n\n\n\n<p>A brevissimo tutte le info con le date!!<\/p>\n\n\n\n<p>Vi abbraccio <\/p>\n\n\n\n<p>Ludovica <\/p>\n","protected":false},"excerpt":{"rendered":"<p>Chi ben comincia \u00e8 a met\u00e0 dell&#8217;opera, si dice, quindi &#8230;Cominciamo! Ho deciso di aggiungere questa nuova sezione sul mio sito per avere uno spazio tutto mio nel quale raccontarmi, nel quale potete scoprire qualcosa in pi\u00f9 su di me e su quello che faccio. Mentre scrivo questo primo articolo fuori sta piovendo e vi [&hellip;]<\/p>\n","protected":false},"author":1,"featured_media":2315,"parent":0,"menu_order":0,"comment_status":"closed","ping_status":"closed","template":"","meta":{"footnotes":""},"class_list":["post-2312","page","type-page","status-publish","has-post-thumbnail","hentry"],"aioseo_notices":[],"_links":{"self":[{"href":"https:\/\/milkyoga.com\/it\/wp-json\/wp\/v2\/pages\/2312","targetHints":{"allow":["GET"]}}],"collection":[{"href":"https:\/\/milkyoga.com\/it\/wp-json\/wp\/v2\/pages"}],"about":[{"href":"https:\/\/milkyoga.com\/it\/wp-json\/wp\/v2\/types\/page"}],"author":[{"embeddable":true,"href":"https:\/\/milkyoga.com\/it\/wp-json\/wp\/v2\/users\/1"}],"replies":[{"embeddable":true,"href":"https:\/\/milkyoga.com\/it\/wp-json\/wp\/v2\/comments?post=2312"}],"version-history":[{"count":3,"href":"https:\/\/milkyoga.com\/it\/wp-json\/wp\/v2\/pages\/2312\/revisions"}],"predecessor-version":[{"id":2321,"href":"https:\/\/milkyoga.com\/it\/wp-json\/wp\/v2\/pages\/2312\/revisions\/2321"}],"wp:featuredmedia":[{"embeddable":true,"href":"https:\/\/milkyoga.com\/it\/wp-json\/wp\/v2\/media\/2315"}],"wp:attachment":[{"href":"https:\/\/milkyoga.com\/it\/wp-json\/wp\/v2\/media?parent=2312"}],"curies":[{"name":"wp","href":"https:\/\/api.w.org\/{rel}","templated":true}]}}